{"id":9850,"date":"2025-12-15T13:49:19","date_gmt":"2025-12-15T10:49:19","guid":{"rendered":"http:\/\/yaylamozaik.com\/tr\/?page_id=9850"},"modified":"2026-01-03T16:12:09","modified_gmt":"2026-01-03T13:12:09","slug":"yonetim","status":"publish","type":"page","link":"http:\/\/yaylamozaik.com\/tr\/hakkinda\/yonetim\/","title":{"rendered":"Y\u00d6NET\u0130M KURULU"},"content":{"rendered":"\n<div class=\"wp-block-media-text is-stacked-on-mobile is-vertically-aligned-top\"><figure class=\"wp-block-media-text__media\"><img data-recalc-dims=\"1\" loading=\"lazy\" decoding=\"async\" width=\"840\" height=\"840\" src=\"https:\/\/i0.wp.com\/yaylamozaik.com\/tr\/wp-content\/uploads\/2025\/12\/kcy-resim.jpg?resize=840%2C840\" alt=\"\" class=\"wp-image-9856 size-full\" srcset=\"https:\/\/i0.wp.com\/yaylamozaik.com\/tr\/wp-content\/uploads\/2025\/12\/kcy-resim.jpg?w=1024 1024w, https:\/\/i0.wp.com\/yaylamozaik.com\/tr\/wp-content\/uploads\/2025\/12\/kcy-resim.jpg?resize=300%2C300 300w, https:\/\/i0.wp.com\/yaylamozaik.com\/tr\/wp-content\/uploads\/2025\/12\/kcy-resim.jpg?resize=150%2C150 150w, https:\/\/i0.wp.com\/yaylamozaik.com\/tr\/wp-content\/uploads\/2025\/12\/kcy-resim.jpg?resize=768%2C768 768w\" sizes=\"auto, (max-width: 709px) 85vw, (max-width: 909px) 67vw, (max-width: 1362px) 62vw, 840px\" \/><\/figure><div class=\"wp-block-media-text__content\">\n<h6 class=\"wp-block-heading\">Y\u00d6NET\u0130M KURULU BA\u015eKANI<\/h6>\n\n\n\n<p><strong>Kadri Cemil Yayla<\/strong><\/p>\n\n\n\n<ul class=\"wp-block-list\">\n<li>Marmara Adas\u0131 \/ Bal\u0131kesir Do\u011fumlu <\/li>\n\n\n\n<li>Aslen Trabzonludur .  <\/li>\n\n\n\n<li>Anadolu \u00dcniversitesi D\u0131\u015f Ticaret ve \u0130\u015fletme Mezunudur . <\/li>\n\n\n\n<li>Madencilik ve Yap\u0131 Kimyasallar\u0131 Alan\u0131nda Faaliyet G\u00f6steren \u015eirketlerimizin Genel M\u00fcd\u00fcr\u00fc \u0130thalat &#8211; \u0130hracat sorumlusudur .<\/li>\n<\/ul>\n<\/div><\/div>\n\n\n\n<div class=\"wp-block-media-text is-stacked-on-mobile is-vertically-aligned-top\"><figure class=\"wp-block-media-text__media\"><img data-recalc-dims=\"1\" loading=\"lazy\" decoding=\"async\" width=\"550\" height=\"550\" src=\"https:\/\/i0.wp.com\/yaylamozaik.com\/tr\/wp-content\/uploads\/2021\/03\/cropped-cropped-cropped-logo-8-3-1.png?resize=550%2C550\" alt=\"\" class=\"wp-image-5292 size-full\" srcset=\"https:\/\/i0.wp.com\/yaylamozaik.com\/tr\/wp-content\/uploads\/2021\/03\/cropped-cropped-cropped-logo-8-3-1.png?w=550 550w, https:\/\/i0.wp.com\/yaylamozaik.com\/tr\/wp-content\/uploads\/2021\/03\/cropped-cropped-cropped-logo-8-3-1.png?resize=150%2C150 150w, https:\/\/i0.wp.com\/yaylamozaik.com\/tr\/wp-content\/uploads\/2021\/03\/cropped-cropped-cropped-logo-8-3-1.png?resize=300%2C300 300w\" sizes=\"auto, (max-width: 550px) 85vw, 550px\" \/><\/figure><div class=\"wp-block-media-text__content\">\n<h6 class=\"wp-block-heading\">YAYLA \u0130RAN &#8211; FABR\u0130KA M\u00dcD\u00dcR\u00dc<\/h6>\n\n\n\n<p><strong>Hadi Mehravar<\/strong>&nbsp;<\/p>\n\n\n\n<ul class=\"wp-block-list\">\n<li>Urmiye \/ \u0130ran Do\u011fumlu<\/li>\n\n\n\n<li>\u0130ran Fen bilimleri lisans derecesine sahiptir .<\/li>\n\n\n\n<li>\u0130ran Urmiyede Yap\u0131 Kimyasallar\u0131 Alan\u0131nda Faaliyet G\u00f6steren \u015eirketlerimizin Genel M\u00fcd\u00fcr\u00fc ve \u0130hracat sorumlusudur .<\/li>\n<\/ul>\n<\/div><\/div>\n\n\n\n<div class=\"wp-block-media-text is-stacked-on-mobile is-vertically-aligned-top\"><figure class=\"wp-block-media-text__media\"><img data-recalc-dims=\"1\" loading=\"lazy\" decoding=\"async\" width=\"550\" height=\"550\" src=\"https:\/\/i0.wp.com\/yaylamozaik.com\/tr\/wp-content\/uploads\/2021\/03\/cropped-cropped-cropped-logo-8-3-1.png?resize=550%2C550\" alt=\"\" class=\"wp-image-5292 size-full\" srcset=\"https:\/\/i0.wp.com\/yaylamozaik.com\/tr\/wp-content\/uploads\/2021\/03\/cropped-cropped-cropped-logo-8-3-1.png?w=550 550w, https:\/\/i0.wp.com\/yaylamozaik.com\/tr\/wp-content\/uploads\/2021\/03\/cropped-cropped-cropped-logo-8-3-1.png?resize=150%2C150 150w, https:\/\/i0.wp.com\/yaylamozaik.com\/tr\/wp-content\/uploads\/2021\/03\/cropped-cropped-cropped-logo-8-3-1.png?resize=300%2C300 300w\" sizes=\"auto, (max-width: 550px) 85vw, 550px\" \/><\/figure><div class=\"wp-block-media-text__content\">\n<h6 class=\"wp-block-heading\">BALIKES\u0130R &#8211; FABR\u0130KA M\u00dcD\u00dcR\u00dc<\/h6>\n\n\n\n<p><strong>Erol \u00c7ardak<\/strong><\/p>\n\n\n\n<ul class=\"wp-block-list\">\n<li>\u0130\u015f Ya\u015fam\u0131na 2007 Y\u0131l\u0131nda Ak\u00e7ansa A.\u015e de Ba\u015flad\u0131 . 2011 Y\u0131l\u0131nda Ezurum A\u015fkale Krom A.\u015e de Maden M\u00fchendisi Olarak \u00c7al\u0131\u015ft\u0131. 2013 Y\u0131l\u0131nda Aram\u0131za Kat\u0131lan Erol \u00c7ardak \u015eirketimizin Bal\u0131kesir Maden \u0130\u015fletmeleri M\u00fcd\u00fcrl\u00fc\u011f\u00fcn\u00fc Yapmaktad\u0131r<\/li>\n\n\n\n<li>KAT\u00dc Maden M\u00fchendisli\u011fi Fak\u00fcltesi Mezunudur .<\/li>\n<\/ul>\n<\/div><\/div>\n\n\n\n<div class=\"wp-block-media-text is-stacked-on-mobile is-vertically-aligned-top\"><figure class=\"wp-block-media-text__media\"><img data-recalc-dims=\"1\" loading=\"lazy\" decoding=\"async\" width=\"550\" height=\"550\" src=\"https:\/\/i0.wp.com\/yaylamozaik.com\/tr\/wp-content\/uploads\/2021\/03\/cropped-cropped-cropped-logo-8-3-1.png?resize=550%2C550\" alt=\"\" class=\"wp-image-5292 size-full\" srcset=\"https:\/\/i0.wp.com\/yaylamozaik.com\/tr\/wp-content\/uploads\/2021\/03\/cropped-cropped-cropped-logo-8-3-1.png?w=550 550w, https:\/\/i0.wp.com\/yaylamozaik.com\/tr\/wp-content\/uploads\/2021\/03\/cropped-cropped-cropped-logo-8-3-1.png?resize=150%2C150 150w, https:\/\/i0.wp.com\/yaylamozaik.com\/tr\/wp-content\/uploads\/2021\/03\/cropped-cropped-cropped-logo-8-3-1.png?resize=300%2C300 300w\" sizes=\"auto, (max-width: 550px) 85vw, 550px\" \/><\/figure><div class=\"wp-block-media-text__content\">\n<h6 class=\"wp-block-heading\">\u0130STANBUL &#8211; FABR\u0130KA M\u00dcD\u00dcR\u00dc<\/h6>\n\n\n\n<p><strong>Ramazan \u015eahin<\/strong><\/p>\n\n\n\n<ul class=\"wp-block-list\">\n<li><\/li>\n<\/ul>\n<\/div><\/div>\n\n\n\n<p><\/p>\n","protected":false},"excerpt":{"rendered":"","protected":false},"author":1,"featured_media":0,"parent":5061,"menu_order":0,"comment_status":"closed","ping_status":"closed","template":"","meta":{"footnotes":""},"class_list":["post-9850","page","type-page","status-publish","hentry"],"jetpack-related-posts":[],"jetpack_sharing_enabled":true,"_links":{"self":[{"href":"http:\/\/yaylamozaik.com\/tr\/wp-json\/wp\/v2\/pages\/9850","targetHints":{"allow":["GET"]}}],"collection":[{"href":"http:\/\/yaylamozaik.com\/tr\/wp-json\/wp\/v2\/pages"}],"about":[{"href":"http:\/\/yaylamozaik.com\/tr\/wp-json\/wp\/v2\/types\/page"}],"author":[{"embeddable":true,"href":"http:\/\/yaylamozaik.com\/tr\/wp-json\/wp\/v2\/users\/1"}],"replies":[{"embeddable":true,"href":"http:\/\/yaylamozaik.com\/tr\/wp-json\/wp\/v2\/comments?post=9850"}],"version-history":[{"count":22,"href":"http:\/\/yaylamozaik.com\/tr\/wp-json\/wp\/v2\/pages\/9850\/revisions"}],"predecessor-version":[{"id":9895,"href":"http:\/\/yaylamozaik.com\/tr\/wp-json\/wp\/v2\/pages\/9850\/revisions\/9895"}],"up":[{"embeddable":true,"href":"http:\/\/yaylamozaik.com\/tr\/wp-json\/wp\/v2\/pages\/5061"}],"wp:attachment":[{"href":"http:\/\/yaylamozaik.com\/tr\/wp-json\/wp\/v2\/media?parent=9850"}],"curies":[{"name":"wp","href":"https:\/\/api.w.org\/{rel}","templated":true}]}}