{"id":5606,"date":"2021-03-18T14:26:20","date_gmt":"2021-03-18T11:26:20","guid":{"rendered":"http:\/\/yaylamozaik.com\/tr\/?page_id=5606"},"modified":"2021-03-18T14:53:53","modified_gmt":"2021-03-18T11:53:53","slug":"seramik-yapistirma-gri","status":"publish","type":"page","link":"http:\/\/yaylamozaik.com\/tr\/seramik-yapistirma-gri\/","title":{"rendered":"Seramik Yap\u0131\u015ft\u0131rma Gri"},"content":{"rendered":"\n<figure class=\"wp-block-image\"><img data-recalc-dims=\"1\" loading=\"lazy\" decoding=\"async\" width=\"753\" height=\"800\" src=\"https:\/\/i0.wp.com\/yaylamozaik.com\/tr\/wp-content\/uploads\/2021\/03\/WhatsApp-Image-2021-03-18-at-12.27.59-3.jpeg?resize=753%2C800\" alt=\"\" class=\"wp-image-5570\" srcset=\"https:\/\/i0.wp.com\/yaylamozaik.com\/tr\/wp-content\/uploads\/2021\/03\/WhatsApp-Image-2021-03-18-at-12.27.59-3.jpeg?w=753 753w, https:\/\/i0.wp.com\/yaylamozaik.com\/tr\/wp-content\/uploads\/2021\/03\/WhatsApp-Image-2021-03-18-at-12.27.59-3.jpeg?resize=282%2C300 282w\" sizes=\"auto, (max-width: 753px) 85vw, 753px\" \/><\/figure>\n\n\n\n<p><strong>SERAM\u0130K YAPI\u015eTIRMA HARCI \/ STANDART GR\u0130<\/strong><\/p>\n\n\n\n<p>\u00dcR\u00dcN TANIMI<br>\u00c7imento esasl\u0131, polimer modifiyeli dolgular i\u00e7eren, y\u00fcksek yap\u0131\u015fma mukavemetine ve uzun \u00e7al\u0131\u015fma s\u00fcresine sahip esnek yap\u0131\u015ft\u0131rma harc\u0131d\u0131r.<br>UYGULAMA ALANLARI<br>\u0130\u00e7 ve d\u0131\u015f mekanlarda<br>Her t\u00fcrl\u00fc beton, s\u0131va, \u015fap ve \u00e7imento bazl\u0131 y\u00fczeylerde<br>Yatay ve dikey zeminlerde, seramik, fayans, mozaik vb.<br>kaplama malzemelerin d\u00f6\u015fenmesinde kullan\u0131l\u0131r.<br>\u00d6ZELL\u0130KLER\u0130<br>Y\u00fcksek yap\u0131\u015fma g\u00fcc\u00fcne sahiptir.<br>Yukar\u0131dan a\u015fa\u011f\u0131 seramik d\u00f6\u015femeye uygundur. Kayma yapmaz.<br>Uzun \u00e7al\u0131\u015fma s\u00fcresi ile zaman ve i\u015f\u00e7ilikten tasarruf sa\u011flar.<br>Kolay taraklanabilir.<br>TEKN\u0130K \u00d6ZELL\u0130KLER:<br>G\u00f6r\u00fcn\u00fcm: Gri renkli toz<br>Uygulama S\u0131cakl\u0131\u011f\u0131: +5\u00baC ile +35\u00baC<br>Su Kar\u0131\u015f\u0131m Oran\u0131: 25 kg i\u00e7in 6-7 lt.<br>Kap \u00d6mr\u00fc: 2 saat (uygulama s\u0131cakl\u0131\u011f\u0131na g\u00f6re de\u011fi\u015fir)<br>T\u00fcketim: 4-5 kg\/m\u00b2<br>Harc\u0131n dinlenme s\u00fcresi: 10 dk.<br>UYGULAMA:<br>Uygulanacak y\u00fczey sa\u011flam, tutunmay\u0131 \u00f6nleyici (kir,toz, boya vb.) maddelerden ar\u0131nd\u0131r\u0131lm\u0131\u015f olmal\u0131d\u0131r.<br>Uygulanacak y\u00fczey \u00e7ok emiciyse, s\u0131ca\u011fa, r\u00fczgara ve g\u00fcne\u015fe a\u00e7\u0131k bir alansa uygulanmadan \u00f6nce y\u00fczey nemlendirilir.<br>Yakla\u015f\u0131k 6-7 litre suya bir torba kuru har\u00e7 yava\u015f yava\u015f bo\u015falt\u0131larak topaklanmayacak \u015fekilde bir mikser veya mala yard\u0131m\u0131yla kar\u0131\u015ft\u0131r\u0131l\u0131r.<br>Kimyasal reaksiyonun tamamlanmas\u0131 i\u00e7in 10 dk bekletilir. Kullan\u0131lmaya ba\u015flamadan \u00f6nce tekrar kar\u0131\u015ft\u0131r\u0131l\u0131r.<br>Yap\u0131\u015ft\u0131rma harc\u0131 y\u00fczeye bast\u0131r\u0131larak bir tabaka halinde s\u00fcr\u00fcl\u00fcr. Kaplaman\u0131n (fayans, karo vb.) boyutlar\u0131na g\u00f6re se\u00e7ilmi\u015f di\u015fli \u00e7elik mala ile taraklan\u0131r.<br>Haz\u0131rlanan har\u00e7 2 saat i\u00e7erisinde t\u00fcketilmelidir. Kullan\u0131m s\u00fcresi ge\u00e7mi\u015f har\u00e7lar hi\u00e7bir \u015fekilde kullan\u0131lmamal\u0131d\u0131r.<br>Har\u00e7 prizini tamamlad\u0131ktan sonra derz aralar\u0131, ara ara sulanmal\u0131d\u0131r, derzin i\u015flenebilmesi i\u00e7in duvar uygulamas\u0131nda en az 24 saat, yerler i\u00e7in en az 48 saat beklenmelidir. Bu s\u00fcre y\u00fcksek s\u0131cakl\u0131klarda k\u0131sal\u0131r, d\u00fc\u015f\u00fck s\u0131cakl\u0131klarda artar.<br>AMBALAJ:<br>25 kg\u2019l\u0131k kraft torba<br>DEPOLAMA:<br>\u00dcr\u00fcn\u00fc en fazla 10 kat istifle, kuru ortamda depolay\u0131n\u0131z.<br>Raf \u00f6mr\u00fc, kuru ortamda, orijinal ambalaj\u0131nda 12 ayd\u0131r.\n\n<\/p>\n","protected":false},"excerpt":{"rendered":"<p>SERAM\u0130K YAPI\u015eTIRMA HARCI \/ STANDART GR\u0130 \u00dcR\u00dcN TANIMI\u00c7imento esasl\u0131, polimer modifiyeli dolgular i\u00e7eren, y\u00fcksek yap\u0131\u015fma mukavemetine ve uzun \u00e7al\u0131\u015fma s\u00fcresine sahip esnek yap\u0131\u015ft\u0131rma harc\u0131d\u0131r.UYGULAMA ALANLARI\u0130\u00e7 ve d\u0131\u015f mekanlardaHer t\u00fcrl\u00fc beton, s\u0131va, \u015fap ve \u00e7imento bazl\u0131 y\u00fczeylerdeYatay ve dikey zeminlerde, seramik, fayans, mozaik vb.kaplama malzemelerin d\u00f6\u015fenmesinde kullan\u0131l\u0131r.\u00d6ZELL\u0130KLER\u0130Y\u00fcksek yap\u0131\u015fma g\u00fcc\u00fcne sahiptir.Yukar\u0131dan a\u015fa\u011f\u0131 seramik d\u00f6\u015femeye uygundur. Kayma yapmaz.Uzun &hellip; <a href=\"http:\/\/yaylamozaik.com\/tr\/seramik-yapistirma-gri\/\" class=\"more-link\">Okumaya devam et<span class=\"screen-reader-text\"> &#8220;Seramik Yap\u0131\u015ft\u0131rma Gri&#8221;<\/span><\/a><\/p>\n","protected":false},"author":1,"featured_media":0,"parent":0,"menu_order":0,"comment_status":"closed","ping_status":"closed","template":"","meta":{"footnotes":""},"class_list":["post-5606","page","type-page","status-publish","hentry"],"jetpack-related-posts":[],"jetpack_sharing_enabled":true,"_links":{"self":[{"href":"http:\/\/yaylamozaik.com\/tr\/wp-json\/wp\/v2\/pages\/5606","targetHints":{"allow":["GET"]}}],"collection":[{"href":"http:\/\/yaylamozaik.com\/tr\/wp-json\/wp\/v2\/pages"}],"about":[{"href":"http:\/\/yaylamozaik.com\/tr\/wp-json\/wp\/v2\/types\/page"}],"author":[{"embeddable":true,"href":"http:\/\/yaylamozaik.com\/tr\/wp-json\/wp\/v2\/users\/1"}],"replies":[{"embeddable":true,"href":"http:\/\/yaylamozaik.com\/tr\/wp-json\/wp\/v2\/comments?post=5606"}],"version-history":[{"count":2,"href":"http:\/\/yaylamozaik.com\/tr\/wp-json\/wp\/v2\/pages\/5606\/revisions"}],"predecessor-version":[{"id":5692,"href":"http:\/\/yaylamozaik.com\/tr\/wp-json\/wp\/v2\/pages\/5606\/revisions\/5692"}],"wp:attachment":[{"href":"http:\/\/yaylamozaik.com\/tr\/wp-json\/wp\/v2\/media?parent=5606"}],"curies":[{"name":"wp","href":"https:\/\/api.w.org\/{rel}","templated":true}]}}